{"id":94,"date":"2020-11-16T22:00:30","date_gmt":"2020-11-16T21:00:30","guid":{"rendered":"http:\/\/aladin-innovation.com\/?page_id=94"},"modified":"2021-12-15T14:51:27","modified_gmt":"2021-12-15T13:51:27","slug":"cgu","status":"publish","type":"page","link":"https:\/\/aladin-innovation.com\/index.php\/cgu\/","title":{"rendered":"Conditions G\u00e9n\u00e9rales d&rsquo;Utilisation"},"content":{"rendered":"\t\t<div data-elementor-type=\"wp-page\" data-elementor-id=\"94\" class=\"elementor elementor-94\">\n\t\t\t\t\t\t\t\t\t<section class=\"elementor-section elementor-top-section elementor-element elementor-element-1d92b1a elementor-section-boxed elementor-section-height-default elementor-section-height-default\" data-id=\"1d92b1a\" data-element_type=\"section\">\n\t\t\t\t\t\t<div class=\"elementor-container elementor-column-gap-no\">\n\t\t\t\t\t<div class=\"elementor-column elementor-col-100 elementor-top-column elementor-element elementor-element-423a18a2\" data-id=\"423a18a2\" data-element_type=\"column\">\n\t\t\t<div class=\"elementor-widget-wrap elementor-element-populated\">\n\t\t\t\t\t\t\t\t<div class=\"elementor-element elementor-element-5f3c7521 elementor-widget elementor-widget-heading\" data-id=\"5f3c7521\" data-element_type=\"widget\" data-widget_type=\"heading.default\">\n\t\t\t\t<div class=\"elementor-widget-container\">\n\t\t\t<style>\/*! elementor - v3.16.0 - 17-10-2023 *\/\n.elementor-heading-title{padding:0;margin:0;line-height:1}.elementor-widget-heading .elementor-heading-title[class*=elementor-size-]>a{color:inherit;font-size:inherit;line-height:inherit}.elementor-widget-heading .elementor-heading-title.elementor-size-small{font-size:15px}.elementor-widget-heading .elementor-heading-title.elementor-size-medium{font-size:19px}.elementor-widget-heading .elementor-heading-title.elementor-size-large{font-size:29px}.elementor-widget-heading .elementor-heading-title.elementor-size-xl{font-size:39px}.elementor-widget-heading .elementor-heading-title.elementor-size-xxl{font-size:59px}<\/style><h2 class=\"elementor-heading-title elementor-size-large\">Conditions G\u00e9n\u00e9rales d'utilisation<\/h2>\t\t<\/div>\n\t\t\t\t<\/div>\n\t\t\t\t\t<\/div>\n\t\t<\/div>\n\t\t\t\t\t\t\t<\/div>\n\t\t<\/section>\n\t\t\t\t<section class=\"elementor-section elementor-top-section elementor-element elementor-element-e4fcdd4 elementor-section-boxed elementor-section-height-default elementor-section-height-default\" data-id=\"e4fcdd4\" data-element_type=\"section\">\n\t\t\t\t\t\t<div class=\"elementor-container elementor-column-gap-default\">\n\t\t\t\t\t<div class=\"elementor-column elementor-col-100 elementor-top-column elementor-element elementor-element-d4103af\" data-id=\"d4103af\" data-element_type=\"column\">\n\t\t\t<div class=\"elementor-widget-wrap elementor-element-populated\">\n\t\t\t\t\t\t\t\t<div class=\"elementor-element elementor-element-e2bd4e5 elementor-widget elementor-widget-text-editor\" data-id=\"e2bd4e5\" data-element_type=\"widget\" data-widget_type=\"text-editor.default\">\n\t\t\t\t<div class=\"elementor-widget-container\">\n\t\t\t<style>\/*! elementor - v3.16.0 - 17-10-2023 *\/\n.elementor-widget-text-editor.elementor-drop-cap-view-stacked .elementor-drop-cap{background-color:#69727d;color:#fff}.elementor-widget-text-editor.elementor-drop-cap-view-framed .elementor-drop-cap{color:#69727d;border:3px solid;background-color:transparent}.elementor-widget-text-editor:not(.elementor-drop-cap-view-default) .elementor-drop-cap{margin-top:8px}.elementor-widget-text-editor:not(.elementor-drop-cap-view-default) .elementor-drop-cap-letter{width:1em;height:1em}.elementor-widget-text-editor .elementor-drop-cap{float:left;text-align:center;line-height:1;font-size:50px}.elementor-widget-text-editor .elementor-drop-cap-letter{display:inline-block}<\/style>\t\t\t\t<h3><strong>ARTICLE 1 : Objet<\/strong><\/h3><p>Les pr\u00e9sentes \u00ab conditions g\u00e9n\u00e9rales d&rsquo;utilisation \u00bb ont pour objet l&rsquo;encadrement juridique de l\u2019utilisation du site aladin-innovation.com et de ses services.<\/p><p>Ce contrat est conclu entre :<\/p><p>Le g\u00e9rant du site internet, ci-apr\u00e8s d\u00e9sign\u00e9 \u00ab\u00a0l\u2019\u00c9diteur\u00a0\u00bb,<\/p><p>Toute personne physique ou morale souhaitant acc\u00e9der au site et \u00e0 ses services, ci-apr\u00e8s appel\u00e9 \u00ab\u00a0l\u2019Utilisateur\u00a0\u00bb.<\/p><p>Les conditions g\u00e9n\u00e9rales d&rsquo;utilisation doivent \u00eatre accept\u00e9es par tout Utilisateur, et son acc\u00e8s au site vaut acceptation de ces conditions.<\/p><h3>\u00a0<\/h3><h3><strong>ARTICLE 2 : Mentions l\u00e9gales<\/strong><\/h3><p><em>Pour les personnes morales :<\/em><\/p><p>Le site aladin-innovation.com est \u00e9dit\u00e9 par l\u2019association ALADIN dont le si\u00e8ge social est situ\u00e9 au 333, avenue Georges Clemenceau, 92741 Nanterre, France.<\/p><p>La soci\u00e9t\u00e9 est repr\u00e9sent\u00e9e par Massimiliano Balestreri.<\/p><p><em>Pour les personnes physiques : <\/em><\/p><p>Le site aladin-innovation.com est \u00e9dit\u00e9 par Dimitri Blard.<\/p><h3>\u00a0<\/h3><h3><strong>ARTICLE 3 : acc\u00e8s aux services<\/strong><\/h3><p>L\u2019Utilisateur du site aladin-innovation.com a acc\u00e8s aux services suivants :<\/p><ul><li>Home<\/li><li>Solutions<\/li><li>Technologies<\/li><li>News<\/li><li>Contact<\/li><\/ul><p>\u00a0<\/p><p>Tout Utilisateur ayant acc\u00e8s \u00e0 internet peut acc\u00e9der gratuitement et depuis n\u2019importe o\u00f9 au site. Les frais support\u00e9s par l\u2019Utilisateur pour y acc\u00e9der (connexion internet, mat\u00e9riel informatique, etc.) ne sont pas \u00e0 la charge de l\u2019\u00c9diteur.<\/p><p>Le site et ses diff\u00e9rents services peuvent \u00eatre interrompus ou suspendus par l\u2019\u00c9diteur, notamment \u00e0 l\u2019occasion d\u2019une maintenance, sans obligation de pr\u00e9avis ou de justification.<\/p><h3>\u00a0<\/h3><h3><strong>ARTICLE 4 : Responsabilit\u00e9 de l\u2019Utilisateur<\/strong><\/h3><p>L&rsquo;Utilisateur est responsable des risques li\u00e9s \u00e0 l\u2019utilisation de son identifiant de connexion et de son mot de passe.<\/p><p>Le mot de passe de l\u2019Utilisateur doit rester secret. En cas de divulgation de mot de passe, l\u2019\u00c9diteur d\u00e9cline toute responsabilit\u00e9.<\/p><p>L\u2019Utilisateur assume l\u2019enti\u00e8re responsabilit\u00e9 de l\u2019utilisation qu\u2019il fait des informations et contenus pr\u00e9sents sur le site aladin-innovation.com<\/p><p>Tout usage du service par l&rsquo;Utilisateur ayant directement ou indirectement pour cons\u00e9quence des dommages doit faire l&rsquo;objet d&rsquo;une indemnisation au profit du site.<\/p><p>Le membre s\u2019engage \u00e0 tenir des propos respectueux des autres et de la loi et accepte que ces publications soient mod\u00e9r\u00e9es ou refus\u00e9es par l\u2019\u00c9diteur, sans obligation de justification.<\/p><p>En publiant sur le site, l\u2019Utilisateur c\u00e8de \u00e0 la soci\u00e9t\u00e9 \u00e9ditrice le droit non exclusif et gratuit de repr\u00e9senter, reproduire, adapter, modifier, diffuser et distribuer sa publication, directement ou par un tiers autoris\u00e9.<\/p><p>L\u2019\u00c9diteur s&rsquo;engage toutefois \u00e0 citer le membre en cas d\u2019utilisation de sa publication<\/p><h3>\u00a0<\/h3><h3><strong>ARTICLE 5 : Responsabilit\u00e9 de l\u2019\u00c9diteur<\/strong><\/h3><p>Tout dysfonctionnement du serveur ou du r\u00e9seau ne peut engager la responsabilit\u00e9 de l\u2019\u00c9diteur.<\/p><p>De m\u00eame, la responsabilit\u00e9 du site ne peut \u00eatre engag\u00e9e en cas de force majeure ou du fait impr\u00e9visible et insurmontable d&rsquo;un tiers.<\/p><p>Le site aladin-innovation.com s&rsquo;engage \u00e0 mettre en \u0153uvre tous les moyens n\u00e9cessaires pour garantir la s\u00e9curit\u00e9 et la confidentialit\u00e9 des donn\u00e9es. Toutefois, il n\u2019apporte pas une garantie de s\u00e9curit\u00e9 totale.<\/p><p>L\u2019\u00c9diteur se r\u00e9serve la facult\u00e9 d\u2019une non-garantie de la fiabilit\u00e9 des sources, bien que les informations diffus\u00e9es su le site soient r\u00e9put\u00e9es fiables.<\/p><p>\u00a0<\/p><h3><strong>ARTICLE 6 : Propri\u00e9t\u00e9 intellectuelle<\/strong><\/h3><p>Les contenus du site aladin-innovation.com (logos, textes, \u00e9l\u00e9ments graphiques, vid\u00e9os, etc.) sont prot\u00e9g\u00e9s par le droit d\u2019auteur, en vertu du Code de la propri\u00e9t\u00e9 intellectuelle.<\/p><p>L\u2019Utilisateur devra obtenir l\u2019autorisation de l\u2019\u00e9diteur du site avant toute reproduction, copie ou publication de ces diff\u00e9rents contenus.<\/p><p>Ces derniers peuvent \u00eatre utilis\u00e9s par les utilisateurs \u00e0 des fins priv\u00e9es ; tout usage commercial est interdit.<\/p><p>L\u2019Utilisateur est enti\u00e8rement responsable de tout contenu qu\u2019il met en ligne et il s\u2019engage \u00e0 ne pas porter atteinte \u00e0 un tiers.<\/p><p>L\u2019\u00c9diteur du site se r\u00e9serve le droit de mod\u00e9rer ou de supprimer librement et \u00e0 tout moment les contenus mis en ligne par les utilisateurs, et ce sans justification.<\/p><p>\u00a0<\/p><h3><strong>ARTICLE 7 : Donn\u00e9es personnelles<\/strong><\/h3><p>L\u2019Utilisateur doit obligatoirement fournir des informations personnelles pour proc\u00e9der \u00e0 son inscription sur le site.<\/p><p>L\u2019adresse \u00e9lectronique (e-mail) de l\u2019utilisateur pourra notamment \u00eatre utilis\u00e9e par le site aladin-innovation.com pour la communication d\u2019informations diverses et la gestion du compte.<\/p><p>aladin-innovation.com garantie le respect de la vie priv\u00e9e de l\u2019utilisateur, conform\u00e9ment \u00e0 la loi n\u00b078-17 du 6 janvier 1978 relative \u00e0 l&rsquo;informatique, aux fichiers et aux libert\u00e9s.<\/p><p>En vertu des articles 39 et 40 de la loi en date du 6 janvier 1978, l&rsquo;Utilisateur dispose d&rsquo;un droit d&rsquo;acc\u00e8s, de rectification, de suppression et d&rsquo;opposition de ses donn\u00e9es personnelles. L&rsquo;Utilisateur exerce ce droit via :<\/p><p>\u00a0<\/p><ul><li>Son espace personnel sur le site ;<\/li><li>Un formulaire de contact ;<\/li><li>Par mail \u00e0 communication.industrie@nextmove.fr ;<\/li><li>Par voie postale au 333, avenue Georges Clemenceau, 92741 Nanterre, France.<\/li><\/ul><h3>\u00a0<\/h3><h3><strong>ARTICLE 8 : Liens hypertextes<\/strong><\/h3><p>Les domaines vers lesquels m\u00e8nent les liens hypertextes pr\u00e9sents sur le site n\u2019engagent pas la responsabilit\u00e9 de l\u2019\u00c9diteur de aladin-innovation.com qui n\u2019a pas de contr\u00f4le sur ces liens.<\/p><p>Il est possible pour un tiers de cr\u00e9er un lien vers une page du site aladin-innovation.com sans autorisation expresse de l\u2019\u00e9diteur.<\/p><p>\u00a0<\/p><h3><strong>ARTICLE 9 : \u00c9volution des conditions g\u00e9n\u00e9rales d\u2019utilisation<\/strong><\/h3><p>Le site aladin-innovation.com se r\u00e9serve le droit de modifier les clauses de ces conditions g\u00e9n\u00e9rales d\u2019utilisation \u00e0 tout moment et sans justification.<\/p><p>\u00a0<\/p><h3><strong>ARTICLE 10 : Dur\u00e9e du contrat<\/strong><\/h3><p>La dur\u00e9e du pr\u00e9sent contrat est ind\u00e9termin\u00e9e. Le contrat produit ses effets \u00e0 l&rsquo;\u00e9gard de l&rsquo;Utilisateur \u00e0 compter du d\u00e9but de l\u2019utilisation du service.<\/p><p>\u00a0<\/p><h3><strong>ARTICLE 11 : Droit applicable et juridiction comp\u00e9tente<\/strong><\/h3><p>Le pr\u00e9sent contrat d\u00e9pend de la l\u00e9gislation fran\u00e7aise.<\/p><p>En cas de litige non r\u00e9solu \u00e0 l\u2019amiable entre l\u2019Utilisateur et l\u2019\u00c9diteur, les tribunaux de Paris sont comp\u00e9tents pour r\u00e9gler le contentieux.<\/p><p>\u00a0<\/p>\t\t\t\t\t\t<\/div>\n\t\t\t\t<\/div>\n\t\t\t\t<div class=\"elementor-element elementor-element-a314852 elementor-widget elementor-widget-spacer\" data-id=\"a314852\" data-element_type=\"widget\" data-widget_type=\"spacer.default\">\n\t\t\t\t<div class=\"elementor-widget-container\">\n\t\t\t<style>\/*! elementor - v3.16.0 - 17-10-2023 *\/\n.elementor-column .elementor-spacer-inner{height:var(--spacer-size)}.e-con{--container-widget-width:100%}.e-con-inner>.elementor-widget-spacer,.e-con>.elementor-widget-spacer{width:var(--container-widget-width,var(--spacer-size));--align-self:var(--container-widget-align-self,initial);--flex-shrink:0}.e-con-inner>.elementor-widget-spacer>.elementor-widget-container,.e-con>.elementor-widget-spacer>.elementor-widget-container{height:100%;width:100%}.e-con-inner>.elementor-widget-spacer>.elementor-widget-container>.elementor-spacer,.e-con>.elementor-widget-spacer>.elementor-widget-container>.elementor-spacer{height:100%}.e-con-inner>.elementor-widget-spacer>.elementor-widget-container>.elementor-spacer>.elementor-spacer-inner,.e-con>.elementor-widget-spacer>.elementor-widget-container>.elementor-spacer>.elementor-spacer-inner{height:var(--container-widget-height,var(--spacer-size))}.e-con-inner>.elementor-widget-spacer.elementor-widget-empty,.e-con>.elementor-widget-spacer.elementor-widget-empty{position:relative;min-height:22px;min-width:22px}.e-con-inner>.elementor-widget-spacer.elementor-widget-empty .elementor-widget-empty-icon,.e-con>.elementor-widget-spacer.elementor-widget-empty .elementor-widget-empty-icon{position:absolute;top:0;bottom:0;left:0;right:0;margin:auto;padding:0;width:22px;height:22px}<\/style>\t\t<div class=\"elementor-spacer\">\n\t\t\t<div class=\"elementor-spacer-inner\"><\/div>\n\t\t<\/div>\n\t\t\t\t<\/div>\n\t\t\t\t<\/div>\n\t\t\t\t\t<\/div>\n\t\t<\/div>\n\t\t\t\t\t\t\t<\/div>\n\t\t<\/section>\n\t\t\t\t\t\t\t<\/div>\n\t\t","protected":false},"excerpt":{"rendered":"<p>Conditions G\u00e9n\u00e9rales d&rsquo;utilisation ARTICLE 1 : Objet Les pr\u00e9sentes \u00ab conditions g\u00e9n\u00e9rales d&rsquo;utilisation \u00bb ont pour objet l&rsquo;encadrement juridique de l\u2019utilisation du site aladin-innovation.com et de ses services. Ce contrat est conclu entre : Le g\u00e9rant du site internet, ci-apr\u00e8s d\u00e9sign\u00e9 \u00ab&nbsp;l\u2019\u00c9diteur&nbsp;\u00bb, Toute personne physique ou morale souhaitant acc\u00e9der au site et \u00e0 ses services, [&hellip;]<\/p>\n","protected":false},"author":3,"featured_media":0,"parent":0,"menu_order":0,"comment_status":"closed","ping_status":"closed","template":"elementor_header_footer","meta":{"footnotes":""},"class_list":["post-94","page","type-page","status-publish","hentry"],"yoast_head":"<!-- This site is optimized with the Yoast SEO plugin v19.14 - https:\/\/yoast.com\/wordpress\/plugins\/seo\/ -->\n<title>Conditions G\u00e9n\u00e9rales d&#039;Utilisation - Aladin<\/title>\n<meta name=\"robots\" content=\"noindex, follow, max-snippet:-1, max-image-preview:large, max-video-preview:-1\" \/>\n<meta property=\"og:locale\" content=\"fr_FR\" \/>\n<meta property=\"og:type\" content=\"article\" \/>\n<meta property=\"og:title\" content=\"Conditions G\u00e9n\u00e9rales d&#039;Utilisation - Aladin\" \/>\n<meta property=\"og:description\" content=\"Conditions G\u00e9n\u00e9rales d&rsquo;utilisation ARTICLE 1 : Objet Les pr\u00e9sentes \u00ab conditions g\u00e9n\u00e9rales d&rsquo;utilisation \u00bb ont pour objet l&rsquo;encadrement juridique de l\u2019utilisation du site aladin-innovation.com et de ses services. Ce contrat est conclu entre : Le g\u00e9rant du site internet, ci-apr\u00e8s d\u00e9sign\u00e9 \u00ab&nbsp;l\u2019\u00c9diteur&nbsp;\u00bb, Toute personne physique ou morale souhaitant acc\u00e9der au site et \u00e0 ses services, [&hellip;]\" \/>\n<meta property=\"og:url\" content=\"https:\/\/aladin-innovation.com\/index.php\/cgu\/\" \/>\n<meta property=\"og:site_name\" content=\"Aladin\" \/>\n<meta property=\"article:modified_time\" content=\"2021-12-15T13:51:27+00:00\" \/>\n<meta name=\"twitter:card\" content=\"summary_large_image\" \/>\n<meta name=\"twitter:label1\" content=\"Dur\u00e9e de lecture estim\u00e9e\" \/>\n\t<meta name=\"twitter:data1\" content=\"5 minutes\" \/>\n<script type=\"application\/ld+json\" class=\"yoast-schema-graph\">{\"@context\":\"https:\/\/schema.org\",\"@graph\":[{\"@type\":\"WebPage\",\"@id\":\"https:\/\/aladin-innovation.com\/index.php\/cgu\/\",\"url\":\"https:\/\/aladin-innovation.com\/index.php\/cgu\/\",\"name\":\"Conditions G\u00e9n\u00e9rales d'Utilisation - Aladin\",\"isPartOf\":{\"@id\":\"https:\/\/aladin-innovation.com\/#website\"},\"datePublished\":\"2020-11-16T21:00:30+00:00\",\"dateModified\":\"2021-12-15T13:51:27+00:00\",\"breadcrumb\":{\"@id\":\"https:\/\/aladin-innovation.com\/index.php\/cgu\/#breadcrumb\"},\"inLanguage\":\"fr-FR\",\"potentialAction\":[{\"@type\":\"ReadAction\",\"target\":[\"https:\/\/aladin-innovation.com\/index.php\/cgu\/\"]}]},{\"@type\":\"BreadcrumbList\",\"@id\":\"https:\/\/aladin-innovation.com\/index.php\/cgu\/#breadcrumb\",\"itemListElement\":[{\"@type\":\"ListItem\",\"position\":1,\"name\":\"Accueil\",\"item\":\"https:\/\/aladin-innovation.com\/\"},{\"@type\":\"ListItem\",\"position\":2,\"name\":\"Conditions G\u00e9n\u00e9rales d&rsquo;Utilisation\"}]},{\"@type\":\"WebSite\",\"@id\":\"https:\/\/aladin-innovation.com\/#website\",\"url\":\"https:\/\/aladin-innovation.com\/\",\"name\":\"Aladin\",\"description\":\"Advanced Landcraft Association for Driving Innovation\",\"publisher\":{\"@id\":\"https:\/\/aladin-innovation.com\/#organization\"},\"potentialAction\":[{\"@type\":\"SearchAction\",\"target\":{\"@type\":\"EntryPoint\",\"urlTemplate\":\"https:\/\/aladin-innovation.com\/?s={search_term_string}\"},\"query-input\":\"required name=search_term_string\"}],\"inLanguage\":\"fr-FR\"},{\"@type\":\"Organization\",\"@id\":\"https:\/\/aladin-innovation.com\/#organization\",\"name\":\"Aladin\",\"url\":\"https:\/\/aladin-innovation.com\/\",\"logo\":{\"@type\":\"ImageObject\",\"inLanguage\":\"fr-FR\",\"@id\":\"https:\/\/aladin-innovation.com\/#\/schema\/logo\/image\/\",\"url\":\"https:\/\/aladin-innovation.com\/wp-content\/uploads\/2020\/11\/cropped-unnamed-1.png\",\"contentUrl\":\"https:\/\/aladin-innovation.com\/wp-content\/uploads\/2020\/11\/cropped-unnamed-1.png\",\"width\":785,\"height\":249,\"caption\":\"Aladin\"},\"image\":{\"@id\":\"https:\/\/aladin-innovation.com\/#\/schema\/logo\/image\/\"}}]}<\/script>\n<!-- \/ Yoast SEO plugin. -->","yoast_head_json":{"title":"Conditions G\u00e9n\u00e9rales d'Utilisation - Aladin","robots":{"index":"noindex","follow":"follow","max-snippet":"max-snippet:-1","max-image-preview":"max-image-preview:large","max-video-preview":"max-video-preview:-1"},"og_locale":"fr_FR","og_type":"article","og_title":"Conditions G\u00e9n\u00e9rales d'Utilisation - Aladin","og_description":"Conditions G\u00e9n\u00e9rales d&rsquo;utilisation ARTICLE 1 : Objet Les pr\u00e9sentes \u00ab conditions g\u00e9n\u00e9rales d&rsquo;utilisation \u00bb ont pour objet l&rsquo;encadrement juridique de l\u2019utilisation du site aladin-innovation.com et de ses services. Ce contrat est conclu entre : Le g\u00e9rant du site internet, ci-apr\u00e8s d\u00e9sign\u00e9 \u00ab&nbsp;l\u2019\u00c9diteur&nbsp;\u00bb, Toute personne physique ou morale souhaitant acc\u00e9der au site et \u00e0 ses services, [&hellip;]","og_url":"https:\/\/aladin-innovation.com\/index.php\/cgu\/","og_site_name":"Aladin","article_modified_time":"2021-12-15T13:51:27+00:00","twitter_card":"summary_large_image","twitter_misc":{"Dur\u00e9e de lecture estim\u00e9e":"5 minutes"},"schema":{"@context":"https:\/\/schema.org","@graph":[{"@type":"WebPage","@id":"https:\/\/aladin-innovation.com\/index.php\/cgu\/","url":"https:\/\/aladin-innovation.com\/index.php\/cgu\/","name":"Conditions G\u00e9n\u00e9rales d'Utilisation - Aladin","isPartOf":{"@id":"https:\/\/aladin-innovation.com\/#website"},"datePublished":"2020-11-16T21:00:30+00:00","dateModified":"2021-12-15T13:51:27+00:00","breadcrumb":{"@id":"https:\/\/aladin-innovation.com\/index.php\/cgu\/#breadcrumb"},"inLanguage":"fr-FR","potentialAction":[{"@type":"ReadAction","target":["https:\/\/aladin-innovation.com\/index.php\/cgu\/"]}]},{"@type":"BreadcrumbList","@id":"https:\/\/aladin-innovation.com\/index.php\/cgu\/#breadcrumb","itemListElement":[{"@type":"ListItem","position":1,"name":"Accueil","item":"https:\/\/aladin-innovation.com\/"},{"@type":"ListItem","position":2,"name":"Conditions G\u00e9n\u00e9rales d&rsquo;Utilisation"}]},{"@type":"WebSite","@id":"https:\/\/aladin-innovation.com\/#website","url":"https:\/\/aladin-innovation.com\/","name":"Aladin","description":"Advanced Landcraft Association for Driving Innovation","publisher":{"@id":"https:\/\/aladin-innovation.com\/#organization"},"potentialAction":[{"@type":"SearchAction","target":{"@type":"EntryPoint","urlTemplate":"https:\/\/aladin-innovation.com\/?s={search_term_string}"},"query-input":"required name=search_term_string"}],"inLanguage":"fr-FR"},{"@type":"Organization","@id":"https:\/\/aladin-innovation.com\/#organization","name":"Aladin","url":"https:\/\/aladin-innovation.com\/","logo":{"@type":"ImageObject","inLanguage":"fr-FR","@id":"https:\/\/aladin-innovation.com\/#\/schema\/logo\/image\/","url":"https:\/\/aladin-innovation.com\/wp-content\/uploads\/2020\/11\/cropped-unnamed-1.png","contentUrl":"https:\/\/aladin-innovation.com\/wp-content\/uploads\/2020\/11\/cropped-unnamed-1.png","width":785,"height":249,"caption":"Aladin"},"image":{"@id":"https:\/\/aladin-innovation.com\/#\/schema\/logo\/image\/"}}]}},"_links":{"self":[{"href":"https:\/\/aladin-innovation.com\/index.php\/wp-json\/wp\/v2\/pages\/94","targetHints":{"allow":["GET"]}}],"collection":[{"href":"https:\/\/aladin-innovation.com\/index.php\/wp-json\/wp\/v2\/pages"}],"about":[{"href":"https:\/\/aladin-innovation.com\/index.php\/wp-json\/wp\/v2\/types\/page"}],"author":[{"embeddable":true,"href":"https:\/\/aladin-innovation.com\/index.php\/wp-json\/wp\/v2\/users\/3"}],"replies":[{"embeddable":true,"href":"https:\/\/aladin-innovation.com\/index.php\/wp-json\/wp\/v2\/comments?post=94"}],"version-history":[{"count":38,"href":"https:\/\/aladin-innovation.com\/index.php\/wp-json\/wp\/v2\/pages\/94\/revisions"}],"predecessor-version":[{"id":1088,"href":"https:\/\/aladin-innovation.com\/index.php\/wp-json\/wp\/v2\/pages\/94\/revisions\/1088"}],"wp:attachment":[{"href":"https:\/\/aladin-innovation.com\/index.php\/wp-json\/wp\/v2\/media?parent=94"}],"curies":[{"name":"wp","href":"https:\/\/api.w.org\/{rel}","templated":true}]}}